{"id":78,"date":"2024-08-05T09:31:51","date_gmt":"2024-08-05T09:31:51","guid":{"rendered":"http:\/\/local.funong.vn\/?post_type=product&#038;p=78"},"modified":"2024-08-22T08:55:23","modified_gmt":"2024-08-22T08:55:23","slug":"hanh-la","status":"publish","type":"product","link":"https:\/\/funong.primecommerce.asia\/en\/product\/hanh-la\/","title":{"rendered":"Green onion"},"content":{"rendered":"<p>Can Tho agricultural products are grown and cared for in good conditions, so when harvested, the products have good weight, are firm in the hand, dense in the core, and have a fragrant smell. Consumers can rest assured in their choice without worrying about the quality of the products. Can Tho agricultural products are the leading materials in the processing of various dishes and products. Products made from Can Tho agricultural products when sold on the market all achieve high profits, have a good reputation with consumers with high product quality.<\/p>\n<p><img loading=\"lazy\" decoding=\"async\" class=\"aligncenter wp-image-128 size-full\" src=\"http:\/\/local.funong.vn\/wp-content\/uploads\/2024\/08\/hanh-la-1.jpg\" alt=\"\" width=\"800\" height=\"800\" srcset=\"https:\/\/funong.primecommerce.asia\/wp-content\/uploads\/2024\/08\/hanh-la-1.jpg 800w, https:\/\/funong.primecommerce.asia\/wp-content\/uploads\/2024\/08\/hanh-la-1-600x600.jpg 600w, https:\/\/funong.primecommerce.asia\/wp-content\/uploads\/2024\/08\/hanh-la-1-100x100.jpg 100w, https:\/\/funong.primecommerce.asia\/wp-content\/uploads\/2024\/08\/hanh-la-1-300x300.jpg 300w, https:\/\/funong.primecommerce.asia\/wp-content\/uploads\/2024\/08\/hanh-la-1-150x150.jpg 150w, https:\/\/funong.primecommerce.asia\/wp-content\/uploads\/2024\/08\/hanh-la-1-768x768.jpg 768w\" sizes=\"auto, (max-width: 800px) 100vw, 800px\" \/><\/p>\n<p>Can Tho agricultural products are grown and cared for in good conditions, so when harvested, the products have good weight, are firm in the hand, dense in the core, and have a fragrant smell. Consumers can rest assured in their choice without worrying about the quality of the products. Can Tho agricultural products are the leading materials in the processing of various dishes and products. Products made from Can Tho agricultural products when sold on the market all achieve high profits, have a good reputation with consumers with high product quality.<\/p>","protected":false},"excerpt":{"rendered":"<p>H\u00e0nh l\u00e1 C\u1ea7n th\u01a1 c\u00f3 v\u1ecb cay, ng\u1ecdt, t\u00ednh \u1ea5m, h\u01b0\u01a1ng v\u1ecb th\u01a1m d\u1ecbu. N\u00f3 r\u1ea5t th\u00edch h\u1ee3p \u0111\u1ec3 l\u00e0m nguy\u00ean li\u1ec7u khi n\u1ea5u, gi\u00fap c\u00e1c m\u00f3n \u0103n \u0111\u1eb7m \u0111\u00e0 h\u01a1n. H\u00e0nh l\u00e1 \u0111\u01b0\u1ee3c tr\u1ed3ng v\u00e0 ch\u0103m s\u00f3c \u1edf \u0111i\u1ec1u ki\u1ec7n t\u1ed1t nh\u1ea5t, n\u00ean ch\u1ea5t l\u01b0\u1ee3ng c\u1ee7a s\u1ea3n ph\u1ea9m khi thu ho\u1ea1ch \u0111\u1ec1u \u0111\u1ea1t ch\u1ea5t l\u01b0\u1ee3ng t\u1ed1t.<\/p>","protected":false},"featured_media":128,"comment_status":"open","ping_status":"closed","template":"","meta":{"_acf_changed":false},"product_cat":[20,21],"product_tag":[],"class_list":{"0":"post-78","1":"product","2":"type-product","3":"status-publish","4":"has-post-thumbnail","6":"product_cat-hang-nong-san","7":"product_cat-trai-cay-tuoi","8":"wcpv_product_vendors-rau-sach-3ss","10":"first","11":"instock","12":"featured","13":"shipping-taxable","14":"purchasable","15":"product-type-simple"},"acf":[],"_links":{"self":[{"href":"https:\/\/funong.primecommerce.asia\/en\/wp-json\/wp\/v2\/product\/78","targetHints":{"allow":["GET"]}}],"collection":[{"href":"https:\/\/funong.primecommerce.asia\/en\/wp-json\/wp\/v2\/product"}],"about":[{"href":"https:\/\/funong.primecommerce.asia\/en\/wp-json\/wp\/v2\/types\/product"}],"replies":[{"embeddable":true,"href":"https:\/\/funong.primecommerce.asia\/en\/wp-json\/wp\/v2\/comments?post=78"}],"wp:featuredmedia":[{"embeddable":true,"href":"https:\/\/funong.primecommerce.asia\/en\/wp-json\/wp\/v2\/media\/128"}],"wp:attachment":[{"href":"https:\/\/funong.primecommerce.asia\/en\/wp-json\/wp\/v2\/media?parent=78"}],"wp:term":[{"taxonomy":"product_cat","embeddable":true,"href":"https:\/\/funong.primecommerce.asia\/en\/wp-json\/wp\/v2\/product_cat?post=78"},{"taxonomy":"product_tag","embeddable":true,"href":"https:\/\/funong.primecommerce.asia\/en\/wp-json\/wp\/v2\/product_tag?post=78"}],"curies":[{"name":"wp","href":"https:\/\/api.w.org\/{rel}","templated":true}]}}